{"id":8,"date":"2020-11-01T20:04:26","date_gmt":"2020-11-01T18:04:26","guid":{"rendered":"https:\/\/antoniverlag.wordpress.com\/?page_id=8"},"modified":"2022-10-26T12:44:44","modified_gmt":"2022-10-26T12:44:44","slug":"contact","status":"publish","type":"page","link":"https:\/\/antoniverlag.de\/?page_id=8","title":{"rendered":"Kontakt \/ Bestellung"},"content":{"rendered":"\n<p class=\"has-text-align-left\">Sie m\u00f6chten Noten bestellen, w\u00fcnschen Beratung oder haben ein besonderes Anliegen?<\/p>\n\n\n\n<p>Rufen Sie uns einfach an oder schreiben Sie uns eine E-Mail! Wir freuen uns sehr!<\/p>\n\n\n\n<div style=\"height:32px\" aria-hidden=\"true\" class=\"wp-block-spacer desktop-only\"><\/div>\n\n\n\n<div class=\"wp-block-columns alignwide has-2-columns is-layout-flex wp-container-core-columns-is-layout-28f84493 wp-block-columns-is-layout-flex\">\n<div class=\"wp-block-column is-layout-flow wp-block-column-is-layout-flow\">\n<h2 class=\"has-text-align-left wp-block-heading\">Impressum<\/h2>\n\n\n\n<div class=\"wp-block-jetpack-contact-info\">\n\n<div class=\"wp-block-jetpack-address\"><div class=\"jetpack-address__address jetpack-address__address1\">Antoni Verlag<\/div><div class=\"jetpack-address__address jetpack-address__address2\">Kastanienallee 8<\/div><div class=\"jetpack-address__city\">36364 Bad Salzschlirf<\/div><div class=\"jetpack-address__country\">Deutschland<\/div><\/div>\n\n\n<div class=\"wp-block-jetpack-email\"><a href=\"mailto:antoni.verlag@gmail.com\">antoni.verlag@gmail.com<\/a><\/div>\n\n\n<div class=\"wp-block-jetpack-phone\"><a href=\"tel:06648914668\">06648 914668<\/a><\/div>\n\n\n<p><\/p>\n\n<\/div>\n<\/div>\n\n\n\n<div class=\"wp-block-column is-layout-flow wp-block-column-is-layout-flow\">\n<h2 class=\"has-text-align-left wp-block-heading\"><\/h2>\n\n\n\n\n\n\n\n\n\n\n<p><\/p>\n<\/div>\n<\/div>\n\n\n\n<figure class=\"wp-block-image size-large\"><img loading=\"lazy\" decoding=\"async\" width=\"1024\" height=\"768\" src=\"https:\/\/antoniverlag.de\/wp-content\/uploads\/2022\/10\/DSCI4826-1-1024x768.jpg\" alt=\"\" class=\"wp-image-157\" srcset=\"https:\/\/antoniverlag.de\/wp-content\/uploads\/2022\/10\/DSCI4826-1-1024x768.jpg 1024w, https:\/\/antoniverlag.de\/wp-content\/uploads\/2022\/10\/DSCI4826-1-300x225.jpg 300w, https:\/\/antoniverlag.de\/wp-content\/uploads\/2022\/10\/DSCI4826-1-768x576.jpg 768w, https:\/\/antoniverlag.de\/wp-content\/uploads\/2022\/10\/DSCI4826-1-1536x1152.jpg 1536w, https:\/\/antoniverlag.de\/wp-content\/uploads\/2022\/10\/DSCI4826-1-2048x1536.jpg 2048w, https:\/\/antoniverlag.de\/wp-content\/uploads\/2022\/10\/DSCI4826-1-1140x855.jpg 1140w, https:\/\/antoniverlag.de\/wp-content\/uploads\/2022\/10\/DSCI4826-1-920x690.jpg 920w, https:\/\/antoniverlag.de\/wp-content\/uploads\/2022\/10\/DSCI4826-1-380x285.jpg 380w\" sizes=\"auto, (max-width: 1024px) 100vw, 1024px\" \/><\/figure>\n\n\n\n<p><\/p>\n","protected":false},"excerpt":{"rendered":"<p>Sie m\u00f6chten Noten bestellen, w\u00fcnschen Beratung oder haben ein besonderes Anliegen? Rufen Sie uns einfach an oder schreiben Sie uns eine E-Mail! Wir freuen uns sehr! Impressum<\/p>\n","protected":false},"author":1,"featured_media":0,"parent":0,"menu_order":0,"comment_status":"closed","ping_status":"closed","template":"","meta":{"footnotes":""},"class_list":["post-8","page","type-page","status-publish","hentry"],"yoast_head":"<!-- This site is optimized with the Yoast SEO plugin v27.4 - https:\/\/yoast.com\/product\/yoast-seo-wordpress\/ -->\n<title>Kontakt \/ Bestellung -<\/title>\n<meta name=\"description\" content=\"Der Antoni Verlag mit Schwerpunkt Klavierp\u00e4dagogik unter der Leitung von Frank Seifert bietet Kompositionen und Bearbeitungen von Diplom-Klavierp\u00e4dagoge Frank Seifert f\u00fcr Klavier zu zwei bis zehn H\u00e4nden, leichte Fassungen beliebter Klassiker, Einzelausgaben mit Tipps zum \u00dcben und vieles mehr.\" \/>\n<meta name=\"robots\" content=\"index, follow, max-snippet:-1, max-image-preview:large, max-video-preview:-1\" \/>\n<link rel=\"canonical\" href=\"https:\/\/antoniverlag.de\/?page_id=8\" \/>\n<meta property=\"og:locale\" content=\"de_DE\" \/>\n<meta property=\"og:type\" content=\"article\" \/>\n<meta property=\"og:title\" content=\"Kontakt \/ Bestellung -\" \/>\n<meta property=\"og:description\" content=\"Der Antoni Verlag mit Schwerpunkt Klavierp\u00e4dagogik unter der Leitung von Frank Seifert bietet Kompositionen und Bearbeitungen von Diplom-Klavierp\u00e4dagoge Frank Seifert f\u00fcr Klavier zu zwei bis zehn H\u00e4nden, leichte Fassungen beliebter Klassiker, Einzelausgaben mit Tipps zum \u00dcben und vieles mehr.\" \/>\n<meta property=\"og:url\" content=\"https:\/\/antoniverlag.de\/?page_id=8\" \/>\n<meta property=\"article:modified_time\" content=\"2022-10-26T12:44:44+00:00\" \/>\n<meta property=\"og:image\" content=\"https:\/\/antoniverlag.de\/wp-content\/uploads\/2022\/10\/DSCI4826-1-1024x768.jpg\" \/>\n<meta name=\"twitter:card\" content=\"summary_large_image\" \/>\n<meta name=\"twitter:label1\" content=\"Gesch\u00e4tzte Lesezeit\" \/>\n\t<meta name=\"twitter:data1\" content=\"1\u00a0Minute\" \/>\n<script type=\"application\/ld+json\" class=\"yoast-schema-graph\">{\"@context\":\"https:\\\/\\\/schema.org\",\"@graph\":[{\"@type\":\"WebPage\",\"@id\":\"https:\\\/\\\/antoniverlag.de\\\/?page_id=8\",\"url\":\"https:\\\/\\\/antoniverlag.de\\\/?page_id=8\",\"name\":\"Kontakt \\\/ Bestellung -\",\"isPartOf\":{\"@id\":\"https:\\\/\\\/antoniverlag.de\\\/#website\"},\"primaryImageOfPage\":{\"@id\":\"https:\\\/\\\/antoniverlag.de\\\/?page_id=8#primaryimage\"},\"image\":{\"@id\":\"https:\\\/\\\/antoniverlag.de\\\/?page_id=8#primaryimage\"},\"thumbnailUrl\":\"https:\\\/\\\/antoniverlag.de\\\/wp-content\\\/uploads\\\/2022\\\/10\\\/DSCI4826-1-1024x768.jpg\",\"datePublished\":\"2020-11-01T18:04:26+00:00\",\"dateModified\":\"2022-10-26T12:44:44+00:00\",\"description\":\"Der Antoni Verlag mit Schwerpunkt Klavierp\u00e4dagogik unter der Leitung von Frank Seifert bietet Kompositionen und Bearbeitungen von Diplom-Klavierp\u00e4dagoge Frank Seifert f\u00fcr Klavier zu zwei bis zehn H\u00e4nden, leichte Fassungen beliebter Klassiker, Einzelausgaben mit Tipps zum \u00dcben und vieles mehr.\",\"breadcrumb\":{\"@id\":\"https:\\\/\\\/antoniverlag.de\\\/?page_id=8#breadcrumb\"},\"inLanguage\":\"de\",\"potentialAction\":[{\"@type\":\"ReadAction\",\"target\":[\"https:\\\/\\\/antoniverlag.de\\\/?page_id=8\"]}]},{\"@type\":\"ImageObject\",\"inLanguage\":\"de\",\"@id\":\"https:\\\/\\\/antoniverlag.de\\\/?page_id=8#primaryimage\",\"url\":\"https:\\\/\\\/antoniverlag.de\\\/wp-content\\\/uploads\\\/2022\\\/10\\\/DSCI4826-1-scaled.jpg\",\"contentUrl\":\"https:\\\/\\\/antoniverlag.de\\\/wp-content\\\/uploads\\\/2022\\\/10\\\/DSCI4826-1-scaled.jpg\",\"width\":2560,\"height\":1920},{\"@type\":\"BreadcrumbList\",\"@id\":\"https:\\\/\\\/antoniverlag.de\\\/?page_id=8#breadcrumb\",\"itemListElement\":[{\"@type\":\"ListItem\",\"position\":1,\"name\":\"Startseite\",\"item\":\"https:\\\/\\\/antoniverlag.de\\\/\"},{\"@type\":\"ListItem\",\"position\":2,\"name\":\"Kontakt \\\/ Bestellung\"}]},{\"@type\":\"WebSite\",\"@id\":\"https:\\\/\\\/antoniverlag.de\\\/#website\",\"url\":\"https:\\\/\\\/antoniverlag.de\\\/\",\"name\":\"\",\"description\":\"\",\"potentialAction\":[{\"@type\":\"SearchAction\",\"target\":{\"@type\":\"EntryPoint\",\"urlTemplate\":\"https:\\\/\\\/antoniverlag.de\\\/?s={search_term_string}\"},\"query-input\":{\"@type\":\"PropertyValueSpecification\",\"valueRequired\":true,\"valueName\":\"search_term_string\"}}],\"inLanguage\":\"de\"}]}<\/script>\n<!-- \/ Yoast SEO plugin. -->","yoast_head_json":{"title":"Kontakt \/ Bestellung -","description":"Der Antoni Verlag mit Schwerpunkt Klavierp\u00e4dagogik unter der Leitung von Frank Seifert bietet Kompositionen und Bearbeitungen von Diplom-Klavierp\u00e4dagoge Frank Seifert f\u00fcr Klavier zu zwei bis zehn H\u00e4nden, leichte Fassungen beliebter Klassiker, Einzelausgaben mit Tipps zum \u00dcben und vieles mehr.","robots":{"index":"index","follow":"follow","max-snippet":"max-snippet:-1","max-image-preview":"max-image-preview:large","max-video-preview":"max-video-preview:-1"},"canonical":"https:\/\/antoniverlag.de\/?page_id=8","og_locale":"de_DE","og_type":"article","og_title":"Kontakt \/ Bestellung -","og_description":"Der Antoni Verlag mit Schwerpunkt Klavierp\u00e4dagogik unter der Leitung von Frank Seifert bietet Kompositionen und Bearbeitungen von Diplom-Klavierp\u00e4dagoge Frank Seifert f\u00fcr Klavier zu zwei bis zehn H\u00e4nden, leichte Fassungen beliebter Klassiker, Einzelausgaben mit Tipps zum \u00dcben und vieles mehr.","og_url":"https:\/\/antoniverlag.de\/?page_id=8","article_modified_time":"2022-10-26T12:44:44+00:00","og_image":[{"url":"https:\/\/antoniverlag.de\/wp-content\/uploads\/2022\/10\/DSCI4826-1-1024x768.jpg","type":"","width":"","height":""}],"twitter_card":"summary_large_image","twitter_misc":{"Gesch\u00e4tzte Lesezeit":"1\u00a0Minute"},"schema":{"@context":"https:\/\/schema.org","@graph":[{"@type":"WebPage","@id":"https:\/\/antoniverlag.de\/?page_id=8","url":"https:\/\/antoniverlag.de\/?page_id=8","name":"Kontakt \/ Bestellung -","isPartOf":{"@id":"https:\/\/antoniverlag.de\/#website"},"primaryImageOfPage":{"@id":"https:\/\/antoniverlag.de\/?page_id=8#primaryimage"},"image":{"@id":"https:\/\/antoniverlag.de\/?page_id=8#primaryimage"},"thumbnailUrl":"https:\/\/antoniverlag.de\/wp-content\/uploads\/2022\/10\/DSCI4826-1-1024x768.jpg","datePublished":"2020-11-01T18:04:26+00:00","dateModified":"2022-10-26T12:44:44+00:00","description":"Der Antoni Verlag mit Schwerpunkt Klavierp\u00e4dagogik unter der Leitung von Frank Seifert bietet Kompositionen und Bearbeitungen von Diplom-Klavierp\u00e4dagoge Frank Seifert f\u00fcr Klavier zu zwei bis zehn H\u00e4nden, leichte Fassungen beliebter Klassiker, Einzelausgaben mit Tipps zum \u00dcben und vieles mehr.","breadcrumb":{"@id":"https:\/\/antoniverlag.de\/?page_id=8#breadcrumb"},"inLanguage":"de","potentialAction":[{"@type":"ReadAction","target":["https:\/\/antoniverlag.de\/?page_id=8"]}]},{"@type":"ImageObject","inLanguage":"de","@id":"https:\/\/antoniverlag.de\/?page_id=8#primaryimage","url":"https:\/\/antoniverlag.de\/wp-content\/uploads\/2022\/10\/DSCI4826-1-scaled.jpg","contentUrl":"https:\/\/antoniverlag.de\/wp-content\/uploads\/2022\/10\/DSCI4826-1-scaled.jpg","width":2560,"height":1920},{"@type":"BreadcrumbList","@id":"https:\/\/antoniverlag.de\/?page_id=8#breadcrumb","itemListElement":[{"@type":"ListItem","position":1,"name":"Startseite","item":"https:\/\/antoniverlag.de\/"},{"@type":"ListItem","position":2,"name":"Kontakt \/ Bestellung"}]},{"@type":"WebSite","@id":"https:\/\/antoniverlag.de\/#website","url":"https:\/\/antoniverlag.de\/","name":"","description":"","potentialAction":[{"@type":"SearchAction","target":{"@type":"EntryPoint","urlTemplate":"https:\/\/antoniverlag.de\/?s={search_term_string}"},"query-input":{"@type":"PropertyValueSpecification","valueRequired":true,"valueName":"search_term_string"}}],"inLanguage":"de"}]}},"_links":{"self":[{"href":"https:\/\/antoniverlag.de\/index.php?rest_route=\/wp\/v2\/pages\/8","targetHints":{"allow":["GET"]}}],"collection":[{"href":"https:\/\/antoniverlag.de\/index.php?rest_route=\/wp\/v2\/pages"}],"about":[{"href":"https:\/\/antoniverlag.de\/index.php?rest_route=\/wp\/v2\/types\/page"}],"author":[{"embeddable":true,"href":"https:\/\/antoniverlag.de\/index.php?rest_route=\/wp\/v2\/users\/1"}],"replies":[{"embeddable":true,"href":"https:\/\/antoniverlag.de\/index.php?rest_route=%2Fwp%2Fv2%2Fcomments&post=8"}],"version-history":[{"count":6,"href":"https:\/\/antoniverlag.de\/index.php?rest_route=\/wp\/v2\/pages\/8\/revisions"}],"predecessor-version":[{"id":244,"href":"https:\/\/antoniverlag.de\/index.php?rest_route=\/wp\/v2\/pages\/8\/revisions\/244"}],"wp:attachment":[{"href":"https:\/\/antoniverlag.de\/index.php?rest_route=%2Fwp%2Fv2%2Fmedia&parent=8"}],"curies":[{"name":"wp","href":"https:\/\/api.w.org\/{rel}","templated":true}]}}