{"id":9,"date":"2020-11-01T20:04:25","date_gmt":"2020-11-01T18:04:25","guid":{"rendered":"https:\/\/antoniverlag.wordpress.com\/?page_id=9"},"modified":"2022-07-18T13:53:51","modified_gmt":"2022-07-18T13:53:51","slug":"about","status":"publish","type":"page","link":"https:\/\/antoniverlag.de\/?page_id=9","title":{"rendered":"Herausgeber"},"content":{"rendered":"\n<div style=\"height:20px\" aria-hidden=\"true\" class=\"wp-block-spacer\"><\/div>\n\n\n\n<div class=\"wp-block-group alignfull\"><div class=\"wp-block-group__inner-container is-layout-flow wp-block-group-is-layout-flow\">\n<p><\/p>\n<\/div><\/div>\n\n\n\n<p><strong>Frank Seifert<\/strong><br>Gr\u00fcnder und Leiter des Antoni-Verlags.<\/p>\n\n\n\n<p>Wurde 1964 in Frankfurt\/M geboren. Studierte Klavier an den Musikhochschulen Heidelberg und Frankfurt bei Prof. Bernhard Maier und Ute Starke, erwarb das Diplom als Klavierp\u00e4dagoge und absolvierte Meisterkurse f\u00fcr Hammerfl\u00fcgel und Cembalo. Nach reger Konzertt\u00e4tigkeit als Solopianist, Liedbegleiter und Kammermusiker widmet er sich zunehmend dem Komponieren von Unterrichtsliteratur. Unterrichtst\u00e4tigkeit 1988 in Neckargem\u00fcnd und Heidelberg, an der Musikschule Fulda seit 1991.<\/p>\n","protected":false},"excerpt":{"rendered":"<p>Frank SeifertGr\u00fcnder und Leiter des Antoni-Verlags. Wurde 1964 in Frankfurt\/M geboren. Studierte Klavier an den Musikhochschulen Heidelberg und Frankfurt bei Prof. Bernhard Maier und Ute Starke, erwarb das Diplom als Klavierp\u00e4dagoge und absolvierte Meisterkurse f\u00fcr Hammerfl\u00fcgel [&hellip;]<\/p>\n","protected":false},"author":1,"featured_media":0,"parent":0,"menu_order":0,"comment_status":"closed","ping_status":"closed","template":"","meta":{"footnotes":""},"class_list":["post-9","page","type-page","status-publish","hentry"],"yoast_head":"<!-- This site is optimized with the Yoast SEO plugin v27.4 - https:\/\/yoast.com\/product\/yoast-seo-wordpress\/ -->\n<title>Herausgeber -<\/title>\n<meta name=\"description\" content=\"Der Antoni Verlag mit Schwerpunkt Klavierp\u00e4dagogik unter der Leitung von Frank Seifert bietet Kompositionen und Bearbeitungen von Diplom-Klavierp\u00e4dagoge Frank Seifert f\u00fcr Klavier zu zwei bis zehn H\u00e4nden, leichte Fassungen beliebter Klassiker, Einzelausgaben mit Tipps zum \u00dcben und vieles mehr.\" \/>\n<meta name=\"robots\" content=\"index, follow, max-snippet:-1, max-image-preview:large, max-video-preview:-1\" \/>\n<link rel=\"canonical\" href=\"https:\/\/antoniverlag.de\/?page_id=9\" \/>\n<meta property=\"og:locale\" content=\"de_DE\" \/>\n<meta property=\"og:type\" content=\"article\" \/>\n<meta property=\"og:title\" content=\"Herausgeber -\" \/>\n<meta property=\"og:description\" content=\"Der Antoni Verlag mit Schwerpunkt Klavierp\u00e4dagogik unter der Leitung von Frank Seifert bietet Kompositionen und Bearbeitungen von Diplom-Klavierp\u00e4dagoge Frank Seifert f\u00fcr Klavier zu zwei bis zehn H\u00e4nden, leichte Fassungen beliebter Klassiker, Einzelausgaben mit Tipps zum \u00dcben und vieles mehr.\" \/>\n<meta property=\"og:url\" content=\"https:\/\/antoniverlag.de\/?page_id=9\" \/>\n<meta property=\"article:modified_time\" content=\"2022-07-18T13:53:51+00:00\" \/>\n<meta name=\"twitter:card\" content=\"summary_large_image\" \/>\n<meta name=\"twitter:label1\" content=\"Gesch\u00e4tzte Lesezeit\" \/>\n\t<meta name=\"twitter:data1\" content=\"1\u00a0Minute\" \/>\n<script type=\"application\/ld+json\" class=\"yoast-schema-graph\">{\"@context\":\"https:\\\/\\\/schema.org\",\"@graph\":[{\"@type\":\"WebPage\",\"@id\":\"https:\\\/\\\/antoniverlag.de\\\/?page_id=9\",\"url\":\"https:\\\/\\\/antoniverlag.de\\\/?page_id=9\",\"name\":\"Herausgeber -\",\"isPartOf\":{\"@id\":\"https:\\\/\\\/antoniverlag.de\\\/#website\"},\"datePublished\":\"2020-11-01T18:04:25+00:00\",\"dateModified\":\"2022-07-18T13:53:51+00:00\",\"description\":\"Der Antoni Verlag mit Schwerpunkt Klavierp\u00e4dagogik unter der Leitung von Frank Seifert bietet Kompositionen und Bearbeitungen von Diplom-Klavierp\u00e4dagoge Frank Seifert f\u00fcr Klavier zu zwei bis zehn H\u00e4nden, leichte Fassungen beliebter Klassiker, Einzelausgaben mit Tipps zum \u00dcben und vieles mehr.\",\"breadcrumb\":{\"@id\":\"https:\\\/\\\/antoniverlag.de\\\/?page_id=9#breadcrumb\"},\"inLanguage\":\"de\",\"potentialAction\":[{\"@type\":\"ReadAction\",\"target\":[\"https:\\\/\\\/antoniverlag.de\\\/?page_id=9\"]}]},{\"@type\":\"BreadcrumbList\",\"@id\":\"https:\\\/\\\/antoniverlag.de\\\/?page_id=9#breadcrumb\",\"itemListElement\":[{\"@type\":\"ListItem\",\"position\":1,\"name\":\"Startseite\",\"item\":\"https:\\\/\\\/antoniverlag.de\\\/\"},{\"@type\":\"ListItem\",\"position\":2,\"name\":\"Herausgeber\"}]},{\"@type\":\"WebSite\",\"@id\":\"https:\\\/\\\/antoniverlag.de\\\/#website\",\"url\":\"https:\\\/\\\/antoniverlag.de\\\/\",\"name\":\"\",\"description\":\"\",\"potentialAction\":[{\"@type\":\"SearchAction\",\"target\":{\"@type\":\"EntryPoint\",\"urlTemplate\":\"https:\\\/\\\/antoniverlag.de\\\/?s={search_term_string}\"},\"query-input\":{\"@type\":\"PropertyValueSpecification\",\"valueRequired\":true,\"valueName\":\"search_term_string\"}}],\"inLanguage\":\"de\"}]}<\/script>\n<!-- \/ Yoast SEO plugin. -->","yoast_head_json":{"title":"Herausgeber -","description":"Der Antoni Verlag mit Schwerpunkt Klavierp\u00e4dagogik unter der Leitung von Frank Seifert bietet Kompositionen und Bearbeitungen von Diplom-Klavierp\u00e4dagoge Frank Seifert f\u00fcr Klavier zu zwei bis zehn H\u00e4nden, leichte Fassungen beliebter Klassiker, Einzelausgaben mit Tipps zum \u00dcben und vieles mehr.","robots":{"index":"index","follow":"follow","max-snippet":"max-snippet:-1","max-image-preview":"max-image-preview:large","max-video-preview":"max-video-preview:-1"},"canonical":"https:\/\/antoniverlag.de\/?page_id=9","og_locale":"de_DE","og_type":"article","og_title":"Herausgeber -","og_description":"Der Antoni Verlag mit Schwerpunkt Klavierp\u00e4dagogik unter der Leitung von Frank Seifert bietet Kompositionen und Bearbeitungen von Diplom-Klavierp\u00e4dagoge Frank Seifert f\u00fcr Klavier zu zwei bis zehn H\u00e4nden, leichte Fassungen beliebter Klassiker, Einzelausgaben mit Tipps zum \u00dcben und vieles mehr.","og_url":"https:\/\/antoniverlag.de\/?page_id=9","article_modified_time":"2022-07-18T13:53:51+00:00","twitter_card":"summary_large_image","twitter_misc":{"Gesch\u00e4tzte Lesezeit":"1\u00a0Minute"},"schema":{"@context":"https:\/\/schema.org","@graph":[{"@type":"WebPage","@id":"https:\/\/antoniverlag.de\/?page_id=9","url":"https:\/\/antoniverlag.de\/?page_id=9","name":"Herausgeber -","isPartOf":{"@id":"https:\/\/antoniverlag.de\/#website"},"datePublished":"2020-11-01T18:04:25+00:00","dateModified":"2022-07-18T13:53:51+00:00","description":"Der Antoni Verlag mit Schwerpunkt Klavierp\u00e4dagogik unter der Leitung von Frank Seifert bietet Kompositionen und Bearbeitungen von Diplom-Klavierp\u00e4dagoge Frank Seifert f\u00fcr Klavier zu zwei bis zehn H\u00e4nden, leichte Fassungen beliebter Klassiker, Einzelausgaben mit Tipps zum \u00dcben und vieles mehr.","breadcrumb":{"@id":"https:\/\/antoniverlag.de\/?page_id=9#breadcrumb"},"inLanguage":"de","potentialAction":[{"@type":"ReadAction","target":["https:\/\/antoniverlag.de\/?page_id=9"]}]},{"@type":"BreadcrumbList","@id":"https:\/\/antoniverlag.de\/?page_id=9#breadcrumb","itemListElement":[{"@type":"ListItem","position":1,"name":"Startseite","item":"https:\/\/antoniverlag.de\/"},{"@type":"ListItem","position":2,"name":"Herausgeber"}]},{"@type":"WebSite","@id":"https:\/\/antoniverlag.de\/#website","url":"https:\/\/antoniverlag.de\/","name":"","description":"","potentialAction":[{"@type":"SearchAction","target":{"@type":"EntryPoint","urlTemplate":"https:\/\/antoniverlag.de\/?s={search_term_string}"},"query-input":{"@type":"PropertyValueSpecification","valueRequired":true,"valueName":"search_term_string"}}],"inLanguage":"de"}]}},"_links":{"self":[{"href":"https:\/\/antoniverlag.de\/index.php?rest_route=\/wp\/v2\/pages\/9","targetHints":{"allow":["GET"]}}],"collection":[{"href":"https:\/\/antoniverlag.de\/index.php?rest_route=\/wp\/v2\/pages"}],"about":[{"href":"https:\/\/antoniverlag.de\/index.php?rest_route=\/wp\/v2\/types\/page"}],"author":[{"embeddable":true,"href":"https:\/\/antoniverlag.de\/index.php?rest_route=\/wp\/v2\/users\/1"}],"replies":[{"embeddable":true,"href":"https:\/\/antoniverlag.de\/index.php?rest_route=%2Fwp%2Fv2%2Fcomments&post=9"}],"version-history":[{"count":3,"href":"https:\/\/antoniverlag.de\/index.php?rest_route=\/wp\/v2\/pages\/9\/revisions"}],"predecessor-version":[{"id":145,"href":"https:\/\/antoniverlag.de\/index.php?rest_route=\/wp\/v2\/pages\/9\/revisions\/145"}],"wp:attachment":[{"href":"https:\/\/antoniverlag.de\/index.php?rest_route=%2Fwp%2Fv2%2Fmedia&parent=9"}],"curies":[{"name":"wp","href":"https:\/\/api.w.org\/{rel}","templated":true}]}}